{"id":282,"date":"2021-09-09T12:57:47","date_gmt":"2021-09-09T12:57:47","guid":{"rendered":"https:\/\/alercia.eu\/?page_id=282"},"modified":"2021-09-21T12:00:41","modified_gmt":"2021-09-21T12:00:41","slug":"politica-de-privacidad","status":"publish","type":"page","link":"https:\/\/alercia.eu\/index.php\/politica-de-privacidad\/","title":{"rendered":"Pol\u00edtica de Privacidad"},"content":{"rendered":"<p>[et_pb_section fb_built=\u00bb1&#8243; _builder_version=\u00bb4.10.6&#8243; _module_preset=\u00bbdefault\u00bb da_disable_devices=\u00bboff|off|off\u00bb global_colors_info=\u00bb{}\u00bb da_is_popup=\u00bboff\u00bb da_exit_intent=\u00bboff\u00bb da_has_close=\u00bbon\u00bb da_alt_close=\u00bboff\u00bb da_dark_close=\u00bboff\u00bb da_not_modal=\u00bbon\u00bb da_is_singular=\u00bboff\u00bb da_with_loader=\u00bboff\u00bb da_has_shadow=\u00bbon\u00bb][et_pb_row _builder_version=\u00bb4.10.6&#8243; _module_preset=\u00bbdefault\u00bb global_colors_info=\u00bb{}\u00bb][et_pb_column type=\u00bb4_4&#8243; _builder_version=\u00bb4.10.6&#8243; _module_preset=\u00bbdefault\u00bb global_colors_info=\u00bb{}\u00bb][et_pb_divider color=\u00bb#BF8F0B\u00bb divider_weight=\u00bb3px\u00bb _builder_version=\u00bb4.10.8&#8243; _module_preset=\u00bbdefault\u00bb width=\u00bb20%\u00bb module_alignment=\u00bbcenter\u00bb hover_enabled=\u00bb0&#8243; global_colors_info=\u00bb{}\u00bb custom_margin_last_edited=\u00bbon|phone\u00bb custom_margin_phone=\u00bb||0px||false|false\u00bb divider_weight_last_edited=\u00bbon|phone\u00bb sticky_enabled=\u00bb0&#8243;][\/et_pb_divider][et_pb_text _builder_version=\u00bb4.10.8&#8243; _module_preset=\u00bbdefault\u00bb text_font=\u00bbMontserrat|700|||||||\u00bb text_text_color=\u00bb#251D45&#8243; text_font_size=\u00bb35px\u00bb text_orientation=\u00bbcenter\u00bb hover_enabled=\u00bb0&#8243; global_colors_info=\u00bb{}\u00bb text_font_size_last_edited=\u00bbon|phone\u00bb text_font_size_phone=\u00bb30px\u00bb text_line_height_last_edited=\u00bbon|phone\u00bb text_line_height_phone=\u00bb1.1em\u00bb custom_margin_last_edited=\u00bbon|phone\u00bb custom_margin_phone=\u00bb0px||||false|false\u00bb sticky_enabled=\u00bb0&#8243;]<\/p>\n<p>Pol\u00edtica de Privacidad<\/p>\n<div id=\"gtx-trans\" style=\"position: absolute; left: 28px; top: -10px;\">\n<div class=\"gtx-trans-icon\"><\/div>\n<\/div>\n<p>[\/et_pb_text][et_pb_text _builder_version=\u00bb4.10.8&#8243; _module_preset=\u00bbdefault\u00bb text_font=\u00bbMontserrat||||||||\u00bb text_text_color=\u00bb#251D45&#8243; text_font_size=\u00bb15px\u00bb custom_margin=\u00bb50px|50px||50px|false|true\u00bb hover_enabled=\u00bb0&#8243; global_colors_info=\u00bb{}\u00bb custom_margin_last_edited=\u00bbon|phone\u00bb custom_margin_phone=\u00bb50px|0px||0px|false|true\u00bb sticky_enabled=\u00bb0&#8243;]<\/p>\n<p><strong>Alercia International Wealth Management S.L.<\/strong>, en aplicaci\u00f3n de la normativa vigente en materia de protecci\u00f3n de datos de car\u00e1cter personal, informa que los datos personales que se recogen a trav\u00e9s de los formularios en <strong>p<\/strong>apel o soporte inform\u00e1tico, se incluyen en los ficheros automatizados espec\u00edficos de usuarios de los servicios de <strong>Alercia International Wealth Management S.L.<\/strong> La recogida y tratamiento automatizado de los datos de car\u00e1cter personal tiene como finalidad el mantenimiento de la relaci\u00f3n comercial y el desempe\u00f1o de tareas de informaci\u00f3n, formaci\u00f3n, asesoramiento y otras actividades propias de <strong>Alercia International Wealth Management S.L<\/strong>.<\/p>\n<p>Estos datos no ser\u00e1n cedidos a ninguna entidad ajena a <strong>Alercia International Wealth Management S.L.<\/strong> con la \u00fanica excepci\u00f3n de obligaci\u00f3n o mandato legal.<\/p>\n<p><strong>Alercia International Wealth Management S.L.<\/strong> adopta las medidas necesarias para garantizar la seguridad, integridad y confidencialidad de los datos conforme a lo dispuesto en el Reglamento (UE) 2016\/679 del Parlamento Europeo y del Consejo, de 27 de abril de 2016, relativo a la protecci\u00f3n de las personas f\u00edsicas en lo que respecta al tratamiento de datos personales y a la libre circulaci\u00f3n de los mismos.<\/p>\n<p>El usuario podr\u00e1 en cualquier momento ejercitar los derechos de acceso, oposici\u00f3n, rectificaci\u00f3n y cancelaci\u00f3n reconocidos en el citado Reglamento (UE) as\u00ed como en la ley org\u00e1nica 3\/ 2018 de 5 de diciembre de protecci\u00f3n de datos personales y garant\u00eda de los derechos digitales. El ejercicio de estos derechos puede realizarlo el propio usuario a trav\u00e9s de email a: <a href=\"mailto:dpo@alercia.eu\">dpo@alercia.eu<\/a> o en la direcci\u00f3n: Avenida Maisonnave 28 bis Planta 4,03003 Alicante (Espa\u00f1a).<\/p>\n<p>El usuario manifiesta que todos los datos facilitados por \u00e9l son ciertos y correctos, y se compromete a mantenerlos actualizados, comunicando los cambios a<strong> Alercia International Wealth Management S.L.<\/strong><\/p>\n<p>&nbsp;<\/p>\n<p><strong>FINALIDAD DEL TRATAMIENTO DE LOS DATOS PERSONALES:<\/strong><\/p>\n<p><strong>\u00bfCon qu\u00e9 finalidad trataremos sus datos personales?<\/strong><\/p>\n<p><strong>1.<\/strong> En caso de contrataci\u00f3n de los servicios ofertados para mantener la relaci\u00f3n contractual, as\u00ed como la gesti\u00f3n, administraci\u00f3n, informaci\u00f3n, prestaci\u00f3n y mejora del servicio.<br \/><strong><\/strong><\/p>\n<p><strong>2.<\/strong> Env\u00edo de informaci\u00f3n solicitada a trav\u00e9s de los formularios dispuestos en soporte digital o f\u00edsico.<\/p>\n<p><strong>3.<\/strong> Remitir boletines (newsletters), as\u00ed como comunicaciones comerciales de promociones y\/o publicidad de nuestra entidad y\/o del sector. En este caso, existe en los formularios y contratos una casilla diferenciada a rellenar voluntariamente por el usuario para recibir dicha informaci\u00f3n.<\/p>\n<p>Le recordamos que puede oponerse al env\u00edo de comunicaciones comerciales por cualquier v\u00eda y en cualquier momento, remitiendo un correo electr\u00f3nico a la direcci\u00f3n indicada anteriormente.<\/p>\n<p><strong>\u00bfPor cu\u00e1nto tiempo se conservan los datos personales recabados?<\/strong><\/p>\n<p>Los datos personales proporcionados se conservar\u00e1n mientras se mantenga la relaci\u00f3n comercial y no se solicite su supresi\u00f3n. Posteriormente a la misma, se conservar\u00e1n durante los plazos legalmente exigidos (salvo, en ambos casos, que el tratamiento se basase en el consentimiento del Usuario y \u00e9ste lo revocase, en cuyo caso se conservar\u00e1n hasta que se reciba tal revocaci\u00f3n).<\/p>\n<p>Por lo tanto, podemos garantizar que sus datos no se conservar\u00e1n m\u00e1s tiempo del necesario para los fines descritos anteriormente, sin perjuicio de la conservaci\u00f3n que resultase necesaria para la formulaci\u00f3n, el ejercicio o la defensa de potenciales reclamaciones y\/o siempre que lo permitiese la legislaci\u00f3n aplicable.<\/p>\n<p>&nbsp;<\/p>\n<p><strong>LEGITIMACI\u00d3N<\/strong><\/p>\n<p>El tratamiento de sus datos se realiza con las siguientes bases jur\u00eddicas que legitiman el mismo:<\/p>\n<p><strong>1.<\/strong> La solicitud de informaci\u00f3n y\/o la contrataci\u00f3n de los servicios de <strong>Alercia International Wealth Management S.L.<\/strong>, cuyos t\u00e9rminos y condiciones se pondr\u00e1n a su disposici\u00f3n en todo caso de forma previa a una eventual contrataci\u00f3n.<br \/><strong><\/strong><\/p>\n<p><strong>2.<\/strong> El consentimiento libre, espec\u00edfico, informado e inequ\u00edvoco, en tanto que le informamos poniendo a su disposici\u00f3n la presente pol\u00edtica de privacidad, que, tras la lectura de la misma, en caso de estar conforme, puede aceptar mediante una declaraci\u00f3n o una clara acci\u00f3n afirmativa, como el marcado de una casilla dispuesta al efecto.<\/p>\n<p>En caso de que no nos facilite sus datos o lo haga de forma err\u00f3nea o incompleta, no podremos atender su solicitud, resultando del todo imposible proporcionarle la informaci\u00f3n solicitada o llevar a cabo la contrataci\u00f3n de los servicios.<\/p>\n<p>&nbsp;<\/p>\n<p><strong>DESTINATARIOS<\/strong><\/p>\n<p>Los datos no se comunicar\u00e1n a ning\u00fan tercero ajeno a <strong>Alercia International Wealth Management S.L.<\/strong>, salvo obligaci\u00f3n legal. Una \u00f3ptima prestaci\u00f3n del servicio que <strong>Alercia International Wealth Management S.L.<\/strong> ofrece puede requerir que otros terceros accedan a los datos personales del Usuario como encargados del tratamiento. Adem\u00e1s de lo anterior, <strong>Alercia International Wealth Management S.L<\/strong>. podr\u00e1 realizar cesiones o comunicaciones de datos personales para atender sus obligaciones con las Administraciones P\u00fablicas en los casos que as\u00ed se requiera de acuerdo con la legislaci\u00f3n vigente en cada momento y en su caso, igualmente a otros \u00f3rganos como Fuerzas y Cuerpos de seguridad del Estado y a los \u00f3rganos Judiciales.<\/p>\n<p>&nbsp;<\/p>\n<p><strong>DERECHO DE LOS USUARIOS<\/strong><\/p>\n<p><strong>Alercia International Wealth Management S.L.<\/strong>, informa al Usuario sobre la posibilidad que le asiste de ejercitar los derechos de acceso, rectificaci\u00f3n, oposici\u00f3n, supresi\u00f3n, portabilidad y limitaci\u00f3n del tratamiento, as\u00ed como a rechazar el tratamiento automatizado de los datos personales recogidos por <strong>Alercia International Wealth Management S.L.<\/strong> Dichos derechos podr\u00e1n ser ejercitados gratuitamente por el Usuario, y en su caso qui\u00e9n lo represente, mediante solicitud escrita y firmada dirigida a la siguiente direcci\u00f3n: <strong>Alercia International Wealth Management S.L.<\/strong> en Avenida Maisonnave 28 bis, Planta 4, 03003, Alicante. Dicha solicitud deber\u00e1 incluir los siguientes datos: nombre y apellidos del Usuario, domicilio a efectos de notificaciones, fotocopia del Documento Nacional de Identidad o Pasaporte, y petici\u00f3n en que se concreta la solicitud. Asimismo, informamos que el Usuario tambi\u00e9n podr\u00e1 ejercitar los mencionados derechos a trav\u00e9s del correo electr\u00f3nico: <a href=\"mailto:dpo@alercia.eu\">dpo@alercia.eu<\/a>.<\/p>\n<p>Adem\u00e1s de los anteriores derechos, el Usuario tendr\u00e1 derecho a retirar el consentimiento otorgado en cualquier momento mediante el procedimiento m\u00e1s arriba descrito, sin que dicha retirada del consentimiento afecte a la licitud del tratamiento anterior a la retirada del mismo. Tanto <strong>Alercia International Wealth Management S.L<\/strong>. como las entidades del grupo al que pertenece, podr\u00e1n continuar tratando los datos del Usuario en la medida en que la ley aplicable lo permita.<\/p>\n<p><strong>Alercia International Wealth Management S.L.<\/strong> recuerda al Usuario que tiene derecho a presentar una reclamaci\u00f3n ante la autoridad de control pertinente.<\/p>\n<p>&nbsp;<\/p>\n<p><strong>MEDIDAS DE SEGURIDAD IMPREMENTADAS<\/strong><\/p>\n<p><strong>Alercia International Wealth Management S.L.<\/strong> se compromete al cumplimiento de su obligaci\u00f3n de secreto de los datos de car\u00e1cter personal y de su deber de guardarlos, y adoptar\u00e1 las medidas necesarias para evitar su alteraci\u00f3n, p\u00e9rdida, tratamiento o acceso no autorizado, de acuerdo con lo establecido por normativa aplicable.<\/p>\n<p><strong>Alercia International Wealth Management S.L.<\/strong> tiene implantadas las medidas de seguridad de \u00edndole t\u00e9cnica y organizativas necesarias para garantizar la seguridad de sus datos de car\u00e1cter personal y evitar su alteraci\u00f3n, p\u00e9rdida y tratamiento y\/o acceso no autorizado, habida cuenta del estado actual de la tecnolog\u00eda, la naturaleza de los datos almacenados y los riesgos a que est\u00e1n expuestos, ya provengan de la acci\u00f3n humana o del medio f\u00edsico o natural, de<br \/>acuerdo a lo establecido por la normativa aplicable.<\/p>\n<p><strong>Alercia International Wealth Management S.L.<\/strong> entidad preocupada por la privacidad, en orden a reforzar la confidencialidad e integridad de la informaci\u00f3n en su organizaci\u00f3n, mantiene continuamente la supervisi\u00f3n, control y evaluaci\u00f3n de sus procesos para asegurar el respeto a la privacidad y seguridad de la informaci\u00f3n, seg\u00fan los est\u00e1ndares internacionales.<\/p>\n<p><strong><\/strong><\/p>\n<p><strong>PROTECCION DE LA INFORMACI\u00d3N<br \/><\/strong><br \/><strong>Alercia International Wealth Management S.L.<\/strong> realiza copias de seguridad de los contenidos alojados en sus servidores, sin embargo, no se responsabiliza de la p\u00e9rdida o el borrado accidental de los datos por parte de los usuarios. De igual manera, no garantiza la reposici\u00f3n total de los datos borrados por los usuarios, ya que los citados datos podr\u00edan haber sido suprimidos y\/o modificados durante el periodo de tiempo transcurrido desde la \u00faltima copia de seguridad.<\/p>\n<p>Los servicios ofertados, excepto los espec\u00edficos de backup, no incluyen la reposici\u00f3n de los contenidos conservados en las copias de segurida realizadas por <strong>Alercia International Wealth Management S.L.<\/strong>, cuando esta p\u00e9rdida sea imputable al usuario; en este caso, se determinar\u00e1 una tarifa acorde a la complejidad y volumen de la recuperaci\u00f3n, siempre previa<br \/>aceptaci\u00f3n del usuario.<\/p>\n<p>La reposici\u00f3n de datos borrados s\u00f3lo est\u00e1 incluida en el precio del servicio cuando la p\u00e9rdida del contenido sea debida a causas atribuibles a <strong>Alercia International Wealth Management S.L.<\/strong><\/p>\n<p>&nbsp;<\/p>\n<p><strong>COMUNICACIONES COMERCIALES<br \/><\/strong><\/p>\n<p>En aplicaci\u00f3n de la <strong>Alercia International Wealth Management S.L.<\/strong> no enviar\u00e1 comunicaciones publicitarias o promocionales por correo electr\u00f3nico u otro medio de comunicaci\u00f3n electr\u00f3nica equivalente que previamente no hubieran sido solicitadas o expresamente autorizadas por los destinatarios de las mismas.<\/p>\n<p>En el caso de usuarios con los que exista una relaci\u00f3n contractual previa, <strong>Alercia International Wealth Management S.L.<\/strong> estar\u00e1 autorizado al env\u00edo de comunicaciones comerciales referentes a productos o servicios que sean similares a los que inicialmente fueron objeto de contrataci\u00f3n con el cliente.<\/p>\n<p>En todo caso, el usuario, tras acreditar su identidad, podr\u00e1 solicitar que no se le haga llegar m\u00e1s informaci\u00f3n comercial a trav\u00e9s de los canales indicados anteriormente.<\/p>\n<p>[\/et_pb_text][\/et_pb_column][\/et_pb_row][\/et_pb_section]<\/p>\n","protected":false},"excerpt":{"rendered":"<p>Pol\u00edtica de Privacidad Alercia International Wealth Management S.L., en aplicaci\u00f3n de la normativa vigente en materia de protecci\u00f3n de datos de car\u00e1cter personal, informa que los datos personales que se recogen a trav\u00e9s de los formularios en papel o soporte inform\u00e1tico, se incluyen en los ficheros automatizados espec\u00edficos de usuarios de los servicios de Alercia [&hellip;]<\/p>\n","protected":false},"author":1,"featured_media":0,"parent":0,"menu_order":0,"comment_status":"closed","ping_status":"closed","template":"","meta":{"_et_pb_use_builder":"on","_et_pb_old_content":"","_et_gb_content_width":"","footnotes":""},"class_list":["post-282","page","type-page","status-publish","hentry"],"yoast_head":"<!-- This site is optimized with the Yoast SEO plugin v25.3.1 - https:\/\/yoast.com\/wordpress\/plugins\/seo\/ -->\n<title>Pol\u00edtica de Privacidad | Alercia International Wealth Management<\/title>\n<meta name=\"robots\" content=\"index, follow, max-snippet:-1, max-image-preview:large, max-video-preview:-1\" \/>\n<link rel=\"canonical\" href=\"https:\/\/alercia.eu\/index.php\/politica-de-privacidad\/\" \/>\n<meta property=\"og:locale\" content=\"es_ES\" \/>\n<meta property=\"og:type\" content=\"article\" \/>\n<meta property=\"og:title\" content=\"Pol\u00edtica de Privacidad | Alercia International Wealth Management\" \/>\n<meta property=\"og:description\" content=\"Pol\u00edtica de Privacidad Alercia International Wealth Management S.L., en aplicaci\u00f3n de la normativa vigente en materia de protecci\u00f3n de datos de car\u00e1cter personal, informa que los datos personales que se recogen a trav\u00e9s de los formularios en papel o soporte inform\u00e1tico, se incluyen en los ficheros automatizados espec\u00edficos de usuarios de los servicios de Alercia [&hellip;]\" \/>\n<meta property=\"og:url\" content=\"https:\/\/alercia.eu\/index.php\/politica-de-privacidad\/\" \/>\n<meta property=\"og:site_name\" content=\"Alercia\" \/>\n<meta property=\"article:modified_time\" content=\"2021-09-21T12:00:41+00:00\" \/>\n<meta name=\"twitter:card\" content=\"summary_large_image\" \/>\n<script type=\"application\/ld+json\" class=\"yoast-schema-graph\">{\"@context\":\"https:\/\/schema.org\",\"@graph\":[{\"@type\":\"WebPage\",\"@id\":\"https:\/\/alercia.eu\/index.php\/politica-de-privacidad\/\",\"url\":\"https:\/\/alercia.eu\/index.php\/politica-de-privacidad\/\",\"name\":\"Pol\u00edtica de Privacidad | Alercia International Wealth Management\",\"isPartOf\":{\"@id\":\"https:\/\/alercia.eu\/#website\"},\"datePublished\":\"2021-09-09T12:57:47+00:00\",\"dateModified\":\"2021-09-21T12:00:41+00:00\",\"breadcrumb\":{\"@id\":\"https:\/\/alercia.eu\/index.php\/politica-de-privacidad\/#breadcrumb\"},\"inLanguage\":\"es\",\"potentialAction\":[{\"@type\":\"ReadAction\",\"target\":[\"https:\/\/alercia.eu\/index.php\/politica-de-privacidad\/\"]}]},{\"@type\":\"BreadcrumbList\",\"@id\":\"https:\/\/alercia.eu\/index.php\/politica-de-privacidad\/#breadcrumb\",\"itemListElement\":[{\"@type\":\"ListItem\",\"position\":1,\"name\":\"Portada\",\"item\":\"https:\/\/alercia.eu\/\"},{\"@type\":\"ListItem\",\"position\":2,\"name\":\"Pol\u00edtica de Privacidad\"}]},{\"@type\":\"WebSite\",\"@id\":\"https:\/\/alercia.eu\/#website\",\"url\":\"https:\/\/alercia.eu\/\",\"name\":\"Alercia\",\"description\":\"International Wealth Management\",\"publisher\":{\"@id\":\"https:\/\/alercia.eu\/#organization\"},\"potentialAction\":[{\"@type\":\"SearchAction\",\"target\":{\"@type\":\"EntryPoint\",\"urlTemplate\":\"https:\/\/alercia.eu\/?s={search_term_string}\"},\"query-input\":{\"@type\":\"PropertyValueSpecification\",\"valueRequired\":true,\"valueName\":\"search_term_string\"}}],\"inLanguage\":\"es\"},{\"@type\":\"Organization\",\"@id\":\"https:\/\/alercia.eu\/#organization\",\"name\":\"Alercia International Wealth Management\",\"url\":\"https:\/\/alercia.eu\/\",\"logo\":{\"@type\":\"ImageObject\",\"inLanguage\":\"es\",\"@id\":\"https:\/\/alercia.eu\/#\/schema\/logo\/image\/\",\"url\":\"https:\/\/alercia.eu\/wp-content\/uploads\/2021\/09\/logo.png\",\"contentUrl\":\"https:\/\/alercia.eu\/wp-content\/uploads\/2021\/09\/logo.png\",\"width\":900,\"height\":800,\"caption\":\"Alercia International Wealth Management\"},\"image\":{\"@id\":\"https:\/\/alercia.eu\/#\/schema\/logo\/image\/\"}}]}<\/script>\n<!-- \/ Yoast SEO plugin. -->","yoast_head_json":{"title":"Pol\u00edtica de Privacidad | Alercia International Wealth Management","robots":{"index":"index","follow":"follow","max-snippet":"max-snippet:-1","max-image-preview":"max-image-preview:large","max-video-preview":"max-video-preview:-1"},"canonical":"https:\/\/alercia.eu\/index.php\/politica-de-privacidad\/","og_locale":"es_ES","og_type":"article","og_title":"Pol\u00edtica de Privacidad | Alercia International Wealth Management","og_description":"Pol\u00edtica de Privacidad Alercia International Wealth Management S.L., en aplicaci\u00f3n de la normativa vigente en materia de protecci\u00f3n de datos de car\u00e1cter personal, informa que los datos personales que se recogen a trav\u00e9s de los formularios en papel o soporte inform\u00e1tico, se incluyen en los ficheros automatizados espec\u00edficos de usuarios de los servicios de Alercia [&hellip;]","og_url":"https:\/\/alercia.eu\/index.php\/politica-de-privacidad\/","og_site_name":"Alercia","article_modified_time":"2021-09-21T12:00:41+00:00","twitter_card":"summary_large_image","schema":{"@context":"https:\/\/schema.org","@graph":[{"@type":"WebPage","@id":"https:\/\/alercia.eu\/index.php\/politica-de-privacidad\/","url":"https:\/\/alercia.eu\/index.php\/politica-de-privacidad\/","name":"Pol\u00edtica de Privacidad | Alercia International Wealth Management","isPartOf":{"@id":"https:\/\/alercia.eu\/#website"},"datePublished":"2021-09-09T12:57:47+00:00","dateModified":"2021-09-21T12:00:41+00:00","breadcrumb":{"@id":"https:\/\/alercia.eu\/index.php\/politica-de-privacidad\/#breadcrumb"},"inLanguage":"es","potentialAction":[{"@type":"ReadAction","target":["https:\/\/alercia.eu\/index.php\/politica-de-privacidad\/"]}]},{"@type":"BreadcrumbList","@id":"https:\/\/alercia.eu\/index.php\/politica-de-privacidad\/#breadcrumb","itemListElement":[{"@type":"ListItem","position":1,"name":"Portada","item":"https:\/\/alercia.eu\/"},{"@type":"ListItem","position":2,"name":"Pol\u00edtica de Privacidad"}]},{"@type":"WebSite","@id":"https:\/\/alercia.eu\/#website","url":"https:\/\/alercia.eu\/","name":"Alercia","description":"International Wealth Management","publisher":{"@id":"https:\/\/alercia.eu\/#organization"},"potentialAction":[{"@type":"SearchAction","target":{"@type":"EntryPoint","urlTemplate":"https:\/\/alercia.eu\/?s={search_term_string}"},"query-input":{"@type":"PropertyValueSpecification","valueRequired":true,"valueName":"search_term_string"}}],"inLanguage":"es"},{"@type":"Organization","@id":"https:\/\/alercia.eu\/#organization","name":"Alercia International Wealth Management","url":"https:\/\/alercia.eu\/","logo":{"@type":"ImageObject","inLanguage":"es","@id":"https:\/\/alercia.eu\/#\/schema\/logo\/image\/","url":"https:\/\/alercia.eu\/wp-content\/uploads\/2021\/09\/logo.png","contentUrl":"https:\/\/alercia.eu\/wp-content\/uploads\/2021\/09\/logo.png","width":900,"height":800,"caption":"Alercia International Wealth Management"},"image":{"@id":"https:\/\/alercia.eu\/#\/schema\/logo\/image\/"}}]}},"_links":{"self":[{"href":"https:\/\/alercia.eu\/index.php\/wp-json\/wp\/v2\/pages\/282","targetHints":{"allow":["GET"]}}],"collection":[{"href":"https:\/\/alercia.eu\/index.php\/wp-json\/wp\/v2\/pages"}],"about":[{"href":"https:\/\/alercia.eu\/index.php\/wp-json\/wp\/v2\/types\/page"}],"author":[{"embeddable":true,"href":"https:\/\/alercia.eu\/index.php\/wp-json\/wp\/v2\/users\/1"}],"replies":[{"embeddable":true,"href":"https:\/\/alercia.eu\/index.php\/wp-json\/wp\/v2\/comments?post=282"}],"version-history":[{"count":20,"href":"https:\/\/alercia.eu\/index.php\/wp-json\/wp\/v2\/pages\/282\/revisions"}],"predecessor-version":[{"id":476,"href":"https:\/\/alercia.eu\/index.php\/wp-json\/wp\/v2\/pages\/282\/revisions\/476"}],"wp:attachment":[{"href":"https:\/\/alercia.eu\/index.php\/wp-json\/wp\/v2\/media?parent=282"}],"curies":[{"name":"wp","href":"https:\/\/api.w.org\/{rel}","templated":true}]}}