{"id":300,"date":"2021-09-10T07:33:31","date_gmt":"2021-09-10T07:33:31","guid":{"rendered":"https:\/\/alercia.eu\/?page_id=300"},"modified":"2021-09-21T12:08:44","modified_gmt":"2021-09-21T12:08:44","slug":"politica-de-cookies","status":"publish","type":"page","link":"https:\/\/alercia.eu\/index.php\/politica-de-cookies\/","title":{"rendered":"Pol\u00edtica de Cookies"},"content":{"rendered":"<p>[et_pb_section fb_built=\u00bb1&#8243; _builder_version=\u00bb4.10.6&#8243; _module_preset=\u00bbdefault\u00bb da_disable_devices=\u00bboff|off|off\u00bb global_colors_info=\u00bb{}\u00bb da_is_popup=\u00bboff\u00bb da_exit_intent=\u00bboff\u00bb da_has_close=\u00bbon\u00bb da_alt_close=\u00bboff\u00bb da_dark_close=\u00bboff\u00bb da_not_modal=\u00bbon\u00bb da_is_singular=\u00bboff\u00bb da_with_loader=\u00bboff\u00bb da_has_shadow=\u00bbon\u00bb][et_pb_row _builder_version=\u00bb4.10.6&#8243; _module_preset=\u00bbdefault\u00bb global_colors_info=\u00bb{}\u00bb][et_pb_column type=\u00bb4_4&#8243; _builder_version=\u00bb4.10.6&#8243; _module_preset=\u00bbdefault\u00bb global_colors_info=\u00bb{}\u00bb][et_pb_divider color=\u00bb#BF8F0B\u00bb divider_weight=\u00bb3px\u00bb divider_weight_tablet=\u00bb\u00bb divider_weight_phone=\u00bb\u00bb divider_weight_last_edited=\u00bbon|phone\u00bb _builder_version=\u00bb4.10.8&#8243; _module_preset=\u00bbdefault\u00bb width=\u00bb15%\u00bb module_alignment=\u00bbcenter\u00bb custom_margin_tablet=\u00bb\u00bb custom_margin_phone=\u00bb||0px||false|false\u00bb custom_margin_last_edited=\u00bbon|phone\u00bb hover_enabled=\u00bb0&#8243; global_colors_info=\u00bb{}\u00bb width_last_edited=\u00bbon|phone\u00bb width_phone=\u00bb30%\u00bb sticky_enabled=\u00bb0&#8243;][\/et_pb_divider][et_pb_text _builder_version=\u00bb4.10.8&#8243; _module_preset=\u00bbdefault\u00bb text_font=\u00bbMontserrat|700|||||||\u00bb text_text_color=\u00bb#251D45&#8243; text_font_size=\u00bb35px\u00bb text_orientation=\u00bbcenter\u00bb custom_margin_tablet=\u00bb\u00bb custom_margin_phone=\u00bb0px||||false|false\u00bb custom_margin_last_edited=\u00bbon|phone\u00bb text_font_size_tablet=\u00bb\u00bb text_font_size_phone=\u00bb30px\u00bb text_font_size_last_edited=\u00bbon|phone\u00bb text_line_height_tablet=\u00bb\u00bb text_line_height_phone=\u00bb1.1em\u00bb text_line_height_last_edited=\u00bbon|phone\u00bb global_colors_info=\u00bb{}\u00bb]<\/p>\n<p>Pol\u00edtica de Cookies<\/p>\n<div id=\"gtx-trans\" style=\"position: absolute; left: 28px; top: -10px;\">\n<div class=\"gtx-trans-icon\"><\/div>\n<\/div>\n<p>[\/et_pb_text][et_pb_text _builder_version=\u00bb4.10.8&#8243; _module_preset=\u00bbdefault\u00bb text_font=\u00bbMontserrat||||||||\u00bb text_text_color=\u00bb#251D45&#8243; text_font_size=\u00bb15px\u00bb custom_margin=\u00bb50px|50px||50px|false|true\u00bb hover_enabled=\u00bb0&#8243; global_colors_info=\u00bb{}\u00bb custom_margin_last_edited=\u00bbon|phone\u00bb custom_margin_phone=\u00bb50px|0px||0px|false|true\u00bb sticky_enabled=\u00bb0&#8243;]<\/p>\n<p><strong>DEFINICI\u00d3N Y FUNCI\u00d3N DE LAS COOKIES<\/strong><\/p>\n<p><strong><\/strong>De conformidad con lo establecido en la Ley 34\/2002 de Servicios de la Sociedad de la Informaci\u00f3n y Comercio Electr\u00f3nico, le informamos que este sitio web almacena informaci\u00f3n de las direcciones IP de los ordenadores y\/o dispositivos m\u00f3viles (tablets, smartphones, etc), y utiliza Cookies con el objetivo de prestar un mejor servicio y ofrecerle una mejor experiencia en su navegaci\u00f3n.<\/p>\n<p>Las Cookies nos ayudan a identificarte (si est\u00e1s registrado en nuestro sitio web), y\/o a recordar tus preferencias durante la navegaci\u00f3n (idioma, pa\u00eds\u2026).<\/p>\n<p>Las Cookies son peque\u00f1os archivos de texto que contienen informaci\u00f3n, y que se generan en el ordenador o terminal del Usuario cuando navega por el sitio web. Con la navegaci\u00f3n por esta web usted presta su consentimiento para recibir dichas Cookies. Por medio de ellas <strong>Alercia International Wealth Management S.L<\/strong> s\u00f3lo obtiene y conserva la informaci\u00f3n bajo las condiciones descritas en la presente Pol\u00edtica de Cookies.<\/p>\n<p>La informaci\u00f3n recogida en las cookies nos permite adem\u00e1s mejorar la web, mediante estimaciones sobre n\u00fameros y patrones de uso, la adaptaci\u00f3n del sitio web a los intereses individuales de los usuarios, la aceleraci\u00f3n de las b\u00fasquedas\u2026<\/p>\n<p>Aunque en la presente pol\u00edtica de cookies se utiliza el t\u00e9rmino general de \u201ccookies\u201d ya que es el principal m\u00e9todo de almacenamiento de informaci\u00f3n que utiliza nuestra web, tambi\u00e9n es utilizado el espacio de \u201cAlmacenamiento local\u201d del navegador para el mismo fin que las cookies. Por ello, toda la informaci\u00f3n incluida en esta secci\u00f3n es aplicable igualmente a este \u201cAlmacenamiento local\u201d.<\/p>\n<p><strong><\/strong><\/p>\n<p><strong>\u00bfQU\u00c9 TIPOS DE COOKIES UTILIZAMOS?<\/strong><\/p>\n<p>Seg\u00fan el plazo de tiempo que permanecen activas:<\/p>\n<p><span>Existe tambi\u00e9n una segunda clasificaci\u00f3n seg\u00fan el plazo de tiempo que permanecen almacenadas en el navegador del cliente, pudiendo tratarse de:<\/span><span>\u00a0<\/span><span><\/span><\/p>\n<ul>\n<li><span><span><strong>Cookies de sesi\u00f3n:<\/strong> Son un tipo de cookies dise\u00f1adas para recabar y almacenar datos mientras accede a nuestra web y permanecen en el archivo de cookies de su navegador hasta que abandone la p\u00e1gina. Como por ejemplo las cookies de identificaci\u00f3n.<\/span><\/span><span><\/span><\/li>\n<li><span><strong>Cookies persistentes:<\/strong> Son un tipo de cookies en el que los datos<br \/>siguen almacenados en el terminal y pueden ser cedidos y tratados<br \/>durante un periodo determinado de tiempo.<\/span><\/li>\n<\/ul>\n<p>Seg\u00fan su finalidad y la entidad que las gestiona:<\/p>\n<ul>\n<li><span><span><strong>Cookies de terceros:<\/strong> Son aqu\u00e9llas que se env\u00edan a su ordenador o terminal desde un dominio o una p\u00e1gina web que no es gestionada por nosotros, sino por una entidad colaboradora. Como, por ejemplo, las usadas por Google quien instala cookies que nos ayudan a analizar el funcionamiento de nuestro sitio web, y mejorar la efectividad de nuestras campa\u00f1as de marketing.<\/span><\/span><span><\/span><\/li>\n<li><span><strong>Cookies de an\u00e1lisis:<\/strong> Son aqu\u00e9llas que bien tratadas por nosotros o por terceros, nos permiten cuantificar el n\u00famero de usuarios y realizar la medici\u00f3n y an\u00e1lisis estad\u00edstico de la utilizaci\u00f3n que hacen los usuarios de nuestra web. Para ello analizamos la navegaci\u00f3n en nuestra p\u00e1gina web con el fin de mejorar la oferta de productos o servicios que ofrecemos.<\/span><\/li>\n<\/ul>\n<p>Ejemplo de ello son:<\/p>\n<ul>\n<li><span><span>El n\u00famero de visitantes \u00fanicos de cada p\u00e1gina \/ secci\u00f3n, que se utiliza para hacer un recuento de las veces en que el sitio es visitado por un usuario, as\u00ed como la primera y \u00faltima vez de dicha visita. Esto ayuda a conocer las \u00e1reas de m\u00e1s \u00e9xito y aumentar y mejorar el contenido, con el resultado de que los usuarios obtengan una experiencia y servicio m\u00e1s satisfactorios.<\/span><\/span><span><\/span><\/li>\n<li>La fecha y hora de acceso a nuestra web, con el fin de permitir averiguar las horas de m\u00e1s afluencia, y hacer los ajustes precisos para evitar problemas de saturaci\u00f3n en nuestras horas punta.<\/li>\n<li>La fuente de tr\u00e1fico, que registra el origen del usuario, es decir, la direcci\u00f3n de Internet desde la que parte el link que dirige a nuestra web, con el fin de potenciar los distintos enlaces y banners que apuntan a nuestro servidor y que ofrecen mejores resultados.<\/li>\n<\/ul>\n<p><strong><\/strong><\/p>\n<p><strong>\u00bfC\u00d3MO PUEDO CONFIGURAR O DESHABILITAR LAS COOKIES?<\/strong><\/p>\n<p>Puede configurar su navegador para ser avisado de la recepci\u00f3n de cookies y negarse a aceptarlas activando la configuraci\u00f3n en el navegador que permite rechazarlas. No obstante, le advertimos que la desactivaci\u00f3n de las Cookies puede provocar la limitaci\u00f3n, o incluso imposibilidad de acceso a algunas de las funcionalidades de nuestra web, as\u00ed como algunos de los servicios pueden dejar de funcionar correctamente.<\/p>\n<p>Para m\u00e1s detalle sobre la configuraci\u00f3n de las cookies en su navegador, consulte el men\u00fa \u00abAyuda\u00bb del mismo.<\/p>\n<p>Tambi\u00e9n le proponemos consultar los siguientes sitios web: Aboutcookies, youronlinechoices, Network Advertising Initiative o Digital Advertising Alliance donde encontrar\u00e1 explicaciones detalladas sobre c\u00f3mo eliminar las cookies de su ordenador y m\u00e1s informaci\u00f3n general sobre las mismas.<\/p>\n<p>&nbsp;<\/p>\n<p><strong>COOKIES DE TERCEROS \/ EMPRESAS COLABORADORAS<\/strong><\/p>\n<p><strong>Google:\u00a0<\/strong><\/p>\n<p>Google ofrece un gran n\u00famero de productos para ayudarnos a administrar nuestros anuncios y sitios web; entre los que se incluyen Google Analytics. Al visitar nuestro sitio web pueden enviarse algunas cookies a su navegador.<\/p>\n<p>Google Analytics es la herramienta de anal\u00edtica que ayuda a nuestro sitio web a entender el modo en que los usuarios interact\u00faan con sus propiedades. Puede utilizar un conjunto de cookies para recopilar informaci\u00f3n e informar de las estad\u00edsticas de uso de los sitios web sin identificar personalmente a los visitantes de Google. Consulte m\u00e1s informaci\u00f3n sobre las cookies de Google Analytics.<\/p>\n<p>[\/et_pb_text][et_pb_code _builder_version=\u00bb4.10.8&#8243; _module_preset=\u00bbdefault\u00bb custom_margin=\u00bb50px|50px||50px|false|true\u00bb hover_enabled=\u00bb0&#8243; global_colors_info=\u00bb{}\u00bb custom_margin_last_edited=\u00bbon|phone\u00bb custom_margin_phone=\u00bb0px|0px||0px|false|true\u00bb sticky_enabled=\u00bb0&#8243;]\n<table id=\"tablepress-1\" class=\"tablepress tablepress-id-1\">\n<thead>\n<tr class=\"row-1\">\n\t<th class=\"column-1\"><strong>DENOMINACI\u00d3N DE LAS COOKIES<\/strong><\/th><th class=\"column-2\"><strong>NOMBRE T\u00c9CNICO DE LAS COOKIES<\/strong><\/th><th class=\"column-3\"><strong>FINALIDAD<\/strong><\/th>\n<\/tr>\n<\/thead>\n<tbody class=\"row-striping row-hover\">\n<tr class=\"row-2\">\n\t<td class=\"column-1\">Idioma<\/td><td class=\"column-2\">lang<\/td><td class=\"column-3\">Idioma seleccionado por el usuario<\/td>\n<\/tr>\n<tr class=\"row-3\">\n\t<td class=\"column-1\">Aceptaci\u00f3n de cookies<\/td><td class=\"column-2\">SID_CS_SITE_COOKIE_NOTIC_qa , _gid<\/td><td class=\"column-3\">Registrar la aceptaci\u00f3n de cookies<\/td>\n<\/tr>\n<tr class=\"row-4\">\n\t<td class=\"column-1\">Google Analytics<\/td><td class=\"column-2\">_qa , _gid<\/td><td class=\"column-3\">Se usa para distinguir a los usuarios<\/td>\n<\/tr>\n<tr class=\"row-5\">\n\t<td class=\"column-1\">Google Analytics<\/td><td class=\"column-2\">_gat<\/td><td class=\"column-3\">Se usa para limitar el porcentaje de solicitudes<\/td>\n<\/tr>\n<\/tbody>\n<\/table>\n<!-- #tablepress-1 from cache -->[\/et_pb_code][\/et_pb_column][\/et_pb_row][\/et_pb_section]<\/p>\n","protected":false},"excerpt":{"rendered":"<p>Pol\u00edtica de Cookies DEFINICI\u00d3N Y FUNCI\u00d3N DE LAS COOKIES De conformidad con lo establecido en la Ley 34\/2002 de Servicios de la Sociedad de la Informaci\u00f3n y Comercio Electr\u00f3nico, le informamos que este sitio web almacena informaci\u00f3n de las direcciones IP de los ordenadores y\/o dispositivos m\u00f3viles (tablets, smartphones, etc), y utiliza Cookies con el [&hellip;]<\/p>\n","protected":false},"author":1,"featured_media":0,"parent":0,"menu_order":0,"comment_status":"closed","ping_status":"closed","template":"","meta":{"_et_pb_use_builder":"on","_et_pb_old_content":"","_et_gb_content_width":"","footnotes":""},"class_list":["post-300","page","type-page","status-publish","hentry"],"yoast_head":"<!-- This site is optimized with the Yoast SEO plugin v25.3.1 - https:\/\/yoast.com\/wordpress\/plugins\/seo\/ -->\n<title>Pol\u00edtica de Cookies | Alercia International Wealth Management<\/title>\n<meta name=\"robots\" content=\"index, follow, max-snippet:-1, max-image-preview:large, max-video-preview:-1\" \/>\n<link rel=\"canonical\" href=\"https:\/\/alercia.eu\/index.php\/politica-de-cookies\/\" \/>\n<meta property=\"og:locale\" content=\"es_ES\" \/>\n<meta property=\"og:type\" content=\"article\" \/>\n<meta property=\"og:title\" content=\"Pol\u00edtica de Cookies | Alercia International Wealth Management\" \/>\n<meta property=\"og:description\" content=\"Pol\u00edtica de Cookies DEFINICI\u00d3N Y FUNCI\u00d3N DE LAS COOKIES De conformidad con lo establecido en la Ley 34\/2002 de Servicios de la Sociedad de la Informaci\u00f3n y Comercio Electr\u00f3nico, le informamos que este sitio web almacena informaci\u00f3n de las direcciones IP de los ordenadores y\/o dispositivos m\u00f3viles (tablets, smartphones, etc), y utiliza Cookies con el [&hellip;]\" \/>\n<meta property=\"og:url\" content=\"https:\/\/alercia.eu\/index.php\/politica-de-cookies\/\" \/>\n<meta property=\"og:site_name\" content=\"Alercia\" \/>\n<meta property=\"article:modified_time\" content=\"2021-09-21T12:08:44+00:00\" \/>\n<meta name=\"twitter:card\" content=\"summary_large_image\" \/>\n<script type=\"application\/ld+json\" class=\"yoast-schema-graph\">{\"@context\":\"https:\/\/schema.org\",\"@graph\":[{\"@type\":\"WebPage\",\"@id\":\"https:\/\/alercia.eu\/index.php\/politica-de-cookies\/\",\"url\":\"https:\/\/alercia.eu\/index.php\/politica-de-cookies\/\",\"name\":\"Pol\u00edtica de Cookies | Alercia International Wealth Management\",\"isPartOf\":{\"@id\":\"https:\/\/alercia.eu\/#website\"},\"datePublished\":\"2021-09-10T07:33:31+00:00\",\"dateModified\":\"2021-09-21T12:08:44+00:00\",\"breadcrumb\":{\"@id\":\"https:\/\/alercia.eu\/index.php\/politica-de-cookies\/#breadcrumb\"},\"inLanguage\":\"es\",\"potentialAction\":[{\"@type\":\"ReadAction\",\"target\":[\"https:\/\/alercia.eu\/index.php\/politica-de-cookies\/\"]}]},{\"@type\":\"BreadcrumbList\",\"@id\":\"https:\/\/alercia.eu\/index.php\/politica-de-cookies\/#breadcrumb\",\"itemListElement\":[{\"@type\":\"ListItem\",\"position\":1,\"name\":\"Portada\",\"item\":\"https:\/\/alercia.eu\/\"},{\"@type\":\"ListItem\",\"position\":2,\"name\":\"Pol\u00edtica de Cookies\"}]},{\"@type\":\"WebSite\",\"@id\":\"https:\/\/alercia.eu\/#website\",\"url\":\"https:\/\/alercia.eu\/\",\"name\":\"Alercia\",\"description\":\"International Wealth Management\",\"publisher\":{\"@id\":\"https:\/\/alercia.eu\/#organization\"},\"potentialAction\":[{\"@type\":\"SearchAction\",\"target\":{\"@type\":\"EntryPoint\",\"urlTemplate\":\"https:\/\/alercia.eu\/?s={search_term_string}\"},\"query-input\":{\"@type\":\"PropertyValueSpecification\",\"valueRequired\":true,\"valueName\":\"search_term_string\"}}],\"inLanguage\":\"es\"},{\"@type\":\"Organization\",\"@id\":\"https:\/\/alercia.eu\/#organization\",\"name\":\"Alercia International Wealth Management\",\"url\":\"https:\/\/alercia.eu\/\",\"logo\":{\"@type\":\"ImageObject\",\"inLanguage\":\"es\",\"@id\":\"https:\/\/alercia.eu\/#\/schema\/logo\/image\/\",\"url\":\"https:\/\/alercia.eu\/wp-content\/uploads\/2021\/09\/logo.png\",\"contentUrl\":\"https:\/\/alercia.eu\/wp-content\/uploads\/2021\/09\/logo.png\",\"width\":900,\"height\":800,\"caption\":\"Alercia International Wealth Management\"},\"image\":{\"@id\":\"https:\/\/alercia.eu\/#\/schema\/logo\/image\/\"}}]}<\/script>\n<!-- \/ Yoast SEO plugin. -->","yoast_head_json":{"title":"Pol\u00edtica de Cookies | Alercia International Wealth Management","robots":{"index":"index","follow":"follow","max-snippet":"max-snippet:-1","max-image-preview":"max-image-preview:large","max-video-preview":"max-video-preview:-1"},"canonical":"https:\/\/alercia.eu\/index.php\/politica-de-cookies\/","og_locale":"es_ES","og_type":"article","og_title":"Pol\u00edtica de Cookies | Alercia International Wealth Management","og_description":"Pol\u00edtica de Cookies DEFINICI\u00d3N Y FUNCI\u00d3N DE LAS COOKIES De conformidad con lo establecido en la Ley 34\/2002 de Servicios de la Sociedad de la Informaci\u00f3n y Comercio Electr\u00f3nico, le informamos que este sitio web almacena informaci\u00f3n de las direcciones IP de los ordenadores y\/o dispositivos m\u00f3viles (tablets, smartphones, etc), y utiliza Cookies con el [&hellip;]","og_url":"https:\/\/alercia.eu\/index.php\/politica-de-cookies\/","og_site_name":"Alercia","article_modified_time":"2021-09-21T12:08:44+00:00","twitter_card":"summary_large_image","schema":{"@context":"https:\/\/schema.org","@graph":[{"@type":"WebPage","@id":"https:\/\/alercia.eu\/index.php\/politica-de-cookies\/","url":"https:\/\/alercia.eu\/index.php\/politica-de-cookies\/","name":"Pol\u00edtica de Cookies | Alercia International Wealth Management","isPartOf":{"@id":"https:\/\/alercia.eu\/#website"},"datePublished":"2021-09-10T07:33:31+00:00","dateModified":"2021-09-21T12:08:44+00:00","breadcrumb":{"@id":"https:\/\/alercia.eu\/index.php\/politica-de-cookies\/#breadcrumb"},"inLanguage":"es","potentialAction":[{"@type":"ReadAction","target":["https:\/\/alercia.eu\/index.php\/politica-de-cookies\/"]}]},{"@type":"BreadcrumbList","@id":"https:\/\/alercia.eu\/index.php\/politica-de-cookies\/#breadcrumb","itemListElement":[{"@type":"ListItem","position":1,"name":"Portada","item":"https:\/\/alercia.eu\/"},{"@type":"ListItem","position":2,"name":"Pol\u00edtica de Cookies"}]},{"@type":"WebSite","@id":"https:\/\/alercia.eu\/#website","url":"https:\/\/alercia.eu\/","name":"Alercia","description":"International Wealth Management","publisher":{"@id":"https:\/\/alercia.eu\/#organization"},"potentialAction":[{"@type":"SearchAction","target":{"@type":"EntryPoint","urlTemplate":"https:\/\/alercia.eu\/?s={search_term_string}"},"query-input":{"@type":"PropertyValueSpecification","valueRequired":true,"valueName":"search_term_string"}}],"inLanguage":"es"},{"@type":"Organization","@id":"https:\/\/alercia.eu\/#organization","name":"Alercia International Wealth Management","url":"https:\/\/alercia.eu\/","logo":{"@type":"ImageObject","inLanguage":"es","@id":"https:\/\/alercia.eu\/#\/schema\/logo\/image\/","url":"https:\/\/alercia.eu\/wp-content\/uploads\/2021\/09\/logo.png","contentUrl":"https:\/\/alercia.eu\/wp-content\/uploads\/2021\/09\/logo.png","width":900,"height":800,"caption":"Alercia International Wealth Management"},"image":{"@id":"https:\/\/alercia.eu\/#\/schema\/logo\/image\/"}}]}},"_links":{"self":[{"href":"https:\/\/alercia.eu\/index.php\/wp-json\/wp\/v2\/pages\/300","targetHints":{"allow":["GET"]}}],"collection":[{"href":"https:\/\/alercia.eu\/index.php\/wp-json\/wp\/v2\/pages"}],"about":[{"href":"https:\/\/alercia.eu\/index.php\/wp-json\/wp\/v2\/types\/page"}],"author":[{"embeddable":true,"href":"https:\/\/alercia.eu\/index.php\/wp-json\/wp\/v2\/users\/1"}],"replies":[{"embeddable":true,"href":"https:\/\/alercia.eu\/index.php\/wp-json\/wp\/v2\/comments?post=300"}],"version-history":[{"count":16,"href":"https:\/\/alercia.eu\/index.php\/wp-json\/wp\/v2\/pages\/300\/revisions"}],"predecessor-version":[{"id":481,"href":"https:\/\/alercia.eu\/index.php\/wp-json\/wp\/v2\/pages\/300\/revisions\/481"}],"wp:attachment":[{"href":"https:\/\/alercia.eu\/index.php\/wp-json\/wp\/v2\/media?parent=300"}],"curies":[{"name":"wp","href":"https:\/\/api.w.org\/{rel}","templated":true}]}}